{"id":70,"date":"2025-04-14T14:50:24","date_gmt":"2025-04-14T12:50:24","guid":{"rendered":"https:\/\/politalang.com\/?page_id=70"},"modified":"2025-12-02T15:38:56","modified_gmt":"2025-12-02T14:38:56","slug":"binome-polonais-francais","status":"publish","type":"page","link":"https:\/\/politalang.com\/?page_id=70","title":{"rendered":"Bin\u00f4me polonais-fran\u00e7ais"},"content":{"rendered":"\n<figure class=\"wp-block-gallery has-nested-images columns-default is-cropped wp-block-gallery-2 is-layout-flex wp-block-gallery-is-layout-flex\">\n<figure class=\"wp-block-image size-full wp-duotone-unset-1\"><img loading=\"lazy\" decoding=\"async\" width=\"128\" height=\"80\" data-id=\"103\" src=\"https:\/\/politalang.com\/wp-content\/uploads\/2025\/04\/pl_contour-2.png\" alt=\"\" class=\"wp-image-103\"\/><\/figure>\n<\/figure>\n\n\n\n<div class=\"wp-block-group alignfull has-accent-2-background-color has-background has-global-padding is-layout-constrained wp-container-core-group-is-layout-669513ed wp-block-group-is-layout-constrained\" style=\"margin-top:0;margin-bottom:0;padding-top:var(--wp--preset--spacing--50);padding-right:var(--wp--preset--spacing--50);padding-bottom:var(--wp--preset--spacing--50);padding-left:var(--wp--preset--spacing--50)\">\n<div class=\"wp-block-columns alignwide is-layout-flex wp-container-core-columns-is-layout-28f84493 wp-block-columns-is-layout-flex\">\n<div class=\"wp-block-column is-layout-flow wp-block-column-is-layout-flow\" style=\"flex-basis:40%\">\n<p class=\"wp-container-content-0733e5d0\"><\/p>\n\n\n\n<figure class=\"wp-block-image size-full is-resized\"><img loading=\"lazy\" decoding=\"async\" width=\"480\" height=\"480\" src=\"https:\/\/politalang.com\/wp-content\/uploads\/2025\/12\/Profil-de-face_David.png\" alt=\"\" class=\"wp-image-111\" style=\"width:292px;height:auto\" srcset=\"https:\/\/politalang.com\/wp-content\/uploads\/2025\/12\/Profil-de-face_David.png 480w, https:\/\/politalang.com\/wp-content\/uploads\/2025\/12\/Profil-de-face_David-300x300.png 300w, https:\/\/politalang.com\/wp-content\/uploads\/2025\/12\/Profil-de-face_David-150x150.png 150w\" sizes=\"auto, (max-width: 480px) 100vw, 480px\" \/><\/figure>\n<\/div>\n\n\n\n<div class=\"wp-block-column is-layout-flow wp-block-column-is-layout-flow\" style=\"flex-basis:60%\">\n<p class=\"has-heading-font-family has-x-large-font-size\" style=\"line-height:1.2\">Un traducteur et une traductrice, de langue maternelle fran\u00e7aise, riches de plus de 15 ans d&rsquo;exp\u00e9rience dans la traduction du polonais<\/p>\n\n\n\n<div class=\"wp-block-group has-global-padding is-layout-constrained wp-block-group-is-layout-constrained\">\n<div class=\"wp-block-columns is-layout-flex wp-container-core-columns-is-layout-28f84493 wp-block-columns-is-layout-flex\">\n<div class=\"wp-block-column is-vertically-aligned-center is-layout-flow wp-block-column-is-layout-flow\" style=\"flex-basis:100%\">\n<figure class=\"wp-block-image alignright size-full is-resized\"><img loading=\"lazy\" decoding=\"async\" width=\"308\" height=\"349\" src=\"https:\/\/politalang.com\/wp-content\/uploads\/2025\/12\/photo-2025-1.jpg\" alt=\"\" class=\"wp-image-112\" style=\"width:323px;height:auto\" srcset=\"https:\/\/politalang.com\/wp-content\/uploads\/2025\/12\/photo-2025-1.jpg 308w, https:\/\/politalang.com\/wp-content\/uploads\/2025\/12\/photo-2025-1-265x300.jpg 265w\" sizes=\"auto, (max-width: 308px) 100vw, 308px\" \/><\/figure>\n<\/div>\n<\/div>\n<\/div>\n<\/div>\n<\/div>\n<\/div>\n\n\n\n<div class=\"wp-block-group alignfull has-base-background-color has-background has-global-padding is-layout-constrained wp-container-core-group-is-layout-d89aad35 wp-block-group-is-layout-constrained\" style=\"margin-top:0;margin-bottom:0;padding-top:var(--wp--preset--spacing--50);padding-right:var(--wp--preset--spacing--50);padding-bottom:var(--wp--preset--spacing--50);padding-left:var(--wp--preset--spacing--50)\">\n<div class=\"wp-block-columns alignwide is-layout-flex wp-container-core-columns-is-layout-549b0c86 wp-block-columns-is-layout-flex\">\n<div class=\"wp-block-column has-global-padding is-content-justification-left is-layout-constrained wp-container-core-column-is-layout-4f15e8fe wp-block-column-is-layout-constrained\" style=\"flex-basis:40%\">\n<p><\/p>\n<\/div>\n\n\n\n<div class=\"wp-block-column is-layout-flow wp-container-core-column-is-layout-119bc444 wp-block-column-is-layout-flow\" style=\"flex-basis:60%\">\n<p class=\"has-heading-font-family has-x-large-font-size\" style=\"line-height:1.2\">David Corneille &#8211; Augusta Habas.<\/p>\n\n\n\n<div class=\"wp-block-columns is-layout-flex wp-container-core-columns-is-layout-87beb0d0 wp-block-columns-is-layout-flex\">\n<div class=\"wp-block-column is-layout-flow wp-block-column-is-layout-flow\">\n<p class=\"wp-container-content-9cfa9a5a\">Pendant plus d\u2019une dizaine d\u2019ann\u00e9es, nous avons travaill\u00e9 ensemble ponctuellement sur la traduction de documents parfois complexes destin\u00e9s \u00e0 diff\u00e9rents services de la Commission europ\u00e9enne, tels que la base de donn\u00e9es de r\u00e9glementations techniques TRIS (Technical Regulations Information System), l\u2019Office de gestion et de liquidation des droits individuels, la direction g\u00e9n\u00e9rale du budget ou encore le service juridique. En 2021, nous avons constitu\u00e9 un groupement pour r\u00e9pondre \u00e0 un appel d\u2019offres du&nbsp;Centre des liaisons europ\u00e9ennes et internationales de s\u00e9curit\u00e9 sociale (CLEISS), que nous avons remport\u00e9 et qui nous a permis de consolider notre collaboration en \u00e9laborant des m\u00e9thodes bien rod\u00e9es de travail en commun.<\/p>\n<\/div>\n\n\n\n<div class=\"wp-block-column is-layout-flow wp-block-column-is-layout-flow\">\n<p>Nous travaillons dans les domaines institutionnel, administratif, commercial, juridique, de la s\u00e9curit\u00e9 sociale et de la sant\u00e9 pour des clients tels que le CLEISS, le Centre de traduction des organes de l\u2019UE, le minist\u00e8re des Affaires \u00e9trang\u00e8res etc. Nous proposons un service de traduction\/r\u00e9vision qui nous permettra de vous fournir une traduction d&rsquo;une qualit\u00e9 sans faille \u00e0 un tarif adapt\u00e9. N&rsquo;h\u00e9sitez pas \u00e0 nous contacter !<\/p>\n<\/div>\n<\/div>\n<\/div>\n<\/div>\n<\/div>\n\n\n\n<div class=\"wp-block-cover alignfull is-light has-parallax\" style=\"padding-top:var(--wp--preset--spacing--50);padding-right:var(--wp--preset--spacing--50);padding-bottom:var(--wp--preset--spacing--50);padding-left:var(--wp--preset--spacing--50);min-height:100vh;aspect-ratio:unset;\"><div class=\"wp-block-cover__image-background wp-image-102 size-large has-parallax\" style=\"background-position:50% 50%;background-image:url(https:\/\/politalang.com\/wp-content\/uploads\/2025\/04\/cityscape-wroclaw-cloudy-sky-poland-1024x768.jpg)\"><\/div><span aria-hidden=\"true\" class=\"wp-block-cover__background has-base-background-color has-background-dim-0 has-background-dim\"><\/span><div class=\"wp-block-cover__inner-container has-global-padding is-layout-constrained wp-container-core-cover-is-layout-e4fd886c wp-block-cover-is-layout-constrained\">\n<div style=\"height:500px\" aria-hidden=\"true\" class=\"wp-block-spacer\"><\/div>\n<\/div><\/div>\n\n\n\n<div class=\"wp-block-group alignfull has-base-2-background-color has-background has-global-padding is-layout-constrained wp-container-core-group-is-layout-7cd14b77 wp-block-group-is-layout-constrained\" style=\"margin-top:0;margin-bottom:0;padding-top:var(--wp--preset--spacing--60);padding-right:var(--wp--preset--spacing--60);padding-bottom:var(--wp--preset--spacing--60);padding-left:var(--wp--preset--spacing--60)\">\n<div class=\"wp-block-group alignwide is-layout-flow wp-block-group-is-layout-flow\">\n<div style=\"height:var(--wp--preset--spacing--50)\" aria-hidden=\"true\" class=\"wp-block-spacer\"><\/div>\n\n\n\n<p class=\"has-text-align-center has-heading-font-family has-x-large-font-size\" style=\"font-style:normal;font-weight:400;line-height:1.2\">.<\/p>\n\n\n\n<div style=\"height:var(--wp--preset--spacing--50)\" aria-hidden=\"true\" class=\"wp-block-spacer\"><\/div>\n<\/div>\n<\/div>\n\n\n\n<div class=\"wp-block-group alignfull has-base-2-color has-contrast-background-color has-text-color has-background has-link-color wp-elements-da475e8ca188931b9a527e93b2431cae has-global-padding is-layout-constrained wp-container-core-group-is-layout-facafb6f wp-block-group-is-layout-constrained\" style=\"margin-top:0;margin-bottom:0;padding-top:var(--wp--preset--spacing--50);padding-right:var(--wp--preset--spacing--50);padding-bottom:var(--wp--preset--spacing--50);padding-left:var(--wp--preset--spacing--50)\">\n<div class=\"wp-block-columns alignwide is-layout-flex wp-container-core-columns-is-layout-d1c656ed wp-block-columns-is-layout-flex\"><\/div>\n<\/div>\n","protected":false},"excerpt":{"rendered":"<p>Un traducteur et une traductrice, de langue maternelle fran\u00e7aise, riches de plus de 15 ans d&rsquo;exp\u00e9rience dans la traduction du polonais David Corneille &#8211; Augusta Habas. Pendant plus d\u2019une dizaine d\u2019ann\u00e9es, nous avons travaill\u00e9 ensemble ponctuellement sur la traduction de documents parfois complexes destin\u00e9s \u00e0 diff\u00e9rents services de la Commission europ\u00e9enne, tels que la base [&hellip;]<\/p>\n","protected":false},"author":1,"featured_media":0,"parent":0,"menu_order":0,"comment_status":"closed","ping_status":"closed","template":"","meta":{"footnotes":""},"class_list":["post-70","page","type-page","status-publish","hentry"],"_links":{"self":[{"href":"https:\/\/politalang.com\/index.php?rest_route=\/wp\/v2\/pages\/70","targetHints":{"allow":["GET"]}}],"collection":[{"href":"https:\/\/politalang.com\/index.php?rest_route=\/wp\/v2\/pages"}],"about":[{"href":"https:\/\/politalang.com\/index.php?rest_route=\/wp\/v2\/types\/page"}],"author":[{"embeddable":true,"href":"https:\/\/politalang.com\/index.php?rest_route=\/wp\/v2\/users\/1"}],"replies":[{"embeddable":true,"href":"https:\/\/politalang.com\/index.php?rest_route=%2Fwp%2Fv2%2Fcomments&post=70"}],"version-history":[{"count":7,"href":"https:\/\/politalang.com\/index.php?rest_route=\/wp\/v2\/pages\/70\/revisions"}],"predecessor-version":[{"id":113,"href":"https:\/\/politalang.com\/index.php?rest_route=\/wp\/v2\/pages\/70\/revisions\/113"}],"wp:attachment":[{"href":"https:\/\/politalang.com\/index.php?rest_route=%2Fwp%2Fv2%2Fmedia&parent=70"}],"curies":[{"name":"wp","href":"https:\/\/api.w.org\/{rel}","templated":true}]}}